{"id":2,"date":"2026-03-01T12:17:41","date_gmt":"2026-03-01T12:17:41","guid":{"rendered":"http:\/\/hdc501.com\/wp2\/?page_id=2"},"modified":"2026-03-02T06:43:54","modified_gmt":"2026-03-02T06:43:54","slug":"start","status":"publish","type":"page","link":"https:\/\/hdc501.com\/wp2\/start\/","title":{"rendered":"HDC \u00dcbersicht"},"content":{"rendered":"\n\n\n<p><span style=\"font-size: 16.8px;\"><a href=\"https:\/\/hdc501.com\/wp\/start\/\" style=\"font-size: medium;\">hier geht es zum HDC Gie\u00dfen e.V. dem neuen gemeinn\u00fctzigen Sportverein f\u00fcr Hessenweiten Freien Ligabetrieb sowohl im Steeldart wie auch im E-Dart<\/a><\/span><\/p>\n<br>\n\n\n<p><span style=\"font-size: large;\"><a href=\"https:\/\/hdc501.com\/wp2\/hdc-als-eventveranstalter\/\" style=\"font-size: medium;\">Hier geht es zu den Seiten des HDC als Event Veranstalter:<\/a><\/span><\/p>\n<p><br><\/p>\n\n\n\n\n\n<div><br><\/div>\n\n\n\n\n\n\n","protected":false},"excerpt":{"rendered":"","protected":false},"author":1,"featured_media":0,"parent":0,"menu_order":0,"comment_status":"closed","ping_status":"closed","template":"","meta":{"pagelayer_contact_templates":[],"_pagelayer_content":"","footnotes":""},"class_list":["post-2","page","type-page","status-publish","hentry"],"_links":{"self":[{"href":"https:\/\/hdc501.com\/wp2\/wp-json\/wp\/v2\/pages\/2","targetHints":{"allow":["GET"]}}],"collection":[{"href":"https:\/\/hdc501.com\/wp2\/wp-json\/wp\/v2\/pages"}],"about":[{"href":"https:\/\/hdc501.com\/wp2\/wp-json\/wp\/v2\/types\/page"}],"author":[{"embeddable":true,"href":"https:\/\/hdc501.com\/wp2\/wp-json\/wp\/v2\/users\/1"}],"replies":[{"embeddable":true,"href":"https:\/\/hdc501.com\/wp2\/wp-json\/wp\/v2\/comments?post=2"}],"version-history":[{"count":26,"href":"https:\/\/hdc501.com\/wp2\/wp-json\/wp\/v2\/pages\/2\/revisions"}],"predecessor-version":[{"id":46,"href":"https:\/\/hdc501.com\/wp2\/wp-json\/wp\/v2\/pages\/2\/revisions\/46"}],"wp:attachment":[{"href":"https:\/\/hdc501.com\/wp2\/wp-json\/wp\/v2\/media?parent=2"}],"curies":[{"name":"wp","href":"https:\/\/api.w.org\/{rel}","templated":true}]}}