{"id":29,"date":"2026-03-01T12:44:04","date_gmt":"2026-03-01T12:44:04","guid":{"rendered":"https:\/\/hdc501.com\/wp2\/?page_id=29"},"modified":"2026-03-02T20:55:40","modified_gmt":"2026-03-02T20:55:40","slug":"hdc-als-eventveranstalter","status":"publish","type":"page","link":"https:\/\/hdc501.com\/wp2\/start\/hdc-als-eventveranstalter\/","title":{"rendered":"HDC als Eventveranstalter"},"content":{"rendered":"\n\n\n\n\n\n\n\n\n\n\n\n\n\n\n\n\n<p>HDC wurde vor Corona als Event und Turnierveranstalter f\u00fcr Dart gegr\u00fcndet. Gr\u00fcnder ist Kamyar Mirzai<\/p>\n\n\n\n\n\n\n\n\n","protected":false},"excerpt":{"rendered":"","protected":false},"author":1,"featured_media":0,"parent":2,"menu_order":0,"comment_status":"closed","ping_status":"closed","template":"","meta":{"pagelayer_contact_templates":[],"_pagelayer_content":"","footnotes":""},"class_list":["post-29","page","type-page","status-publish","hentry"],"_links":{"self":[{"href":"https:\/\/hdc501.com\/wp2\/wp-json\/wp\/v2\/pages\/29","targetHints":{"allow":["GET"]}}],"collection":[{"href":"https:\/\/hdc501.com\/wp2\/wp-json\/wp\/v2\/pages"}],"about":[{"href":"https:\/\/hdc501.com\/wp2\/wp-json\/wp\/v2\/types\/page"}],"author":[{"embeddable":true,"href":"https:\/\/hdc501.com\/wp2\/wp-json\/wp\/v2\/users\/1"}],"replies":[{"embeddable":true,"href":"https:\/\/hdc501.com\/wp2\/wp-json\/wp\/v2\/comments?post=29"}],"version-history":[{"count":7,"href":"https:\/\/hdc501.com\/wp2\/wp-json\/wp\/v2\/pages\/29\/revisions"}],"predecessor-version":[{"id":52,"href":"https:\/\/hdc501.com\/wp2\/wp-json\/wp\/v2\/pages\/29\/revisions\/52"}],"up":[{"embeddable":true,"href":"https:\/\/hdc501.com\/wp2\/wp-json\/wp\/v2\/pages\/2"}],"wp:attachment":[{"href":"https:\/\/hdc501.com\/wp2\/wp-json\/wp\/v2\/media?parent=29"}],"curies":[{"name":"wp","href":"https:\/\/api.w.org\/{rel}","templated":true}]}}